{"id":14113,"date":"2022-05-19T09:59:53","date_gmt":"2022-05-19T07:59:53","guid":{"rendered":"https:\/\/nextarquitectura.com\/politica-de-privacidad\/"},"modified":"2024-07-19T09:14:44","modified_gmt":"2024-07-19T07:14:44","slug":"politica-de-privacidad","status":"publish","type":"page","link":"https:\/\/nextarquitectura.com\/en\/politica-de-privacidad\/","title":{"rendered":"Pol\u00edtica de privacidad"},"content":{"rendered":"\n<h2 class=\"wp-block-heading\">Pol\u00edtica de privacidad<\/h2>\n\n\n\n<p>El acceso y uso del sitio web <a href=\"https:\/\/nextarquitectura.com\/en\/\">https:\/\/nextarquitectura.com\/<\/a> (en adelante, \u201cWeb\u201d\u201d) atribuye la condici\u00f3n de usuario al visitante de la Web e implica la total aceptaci\u00f3n sin reservas por parte del usuario de las condiciones de uso vigentes en cada momento.<\/p>\n\n\n\n<p><a><strong>NEXTARQUITECTURA, S.L.P. <\/strong><\/a>se compromete al tratamiento de sus datos de acuerdo con la normativa de protecci\u00f3n de datos personales aplicable y en vigor en cada momento. Concretamente, <strong>NEXTARQUITECTURA, S.L.P. <\/strong>cumplir\u00e1 con las premisas establecidas en la Ley Org\u00e1nica 3\/2018, de 5 de diciembre, de Protecci\u00f3n de Datos Personales y garant\u00eda de los derechos digitales (\u201cLOPDGDD\u201d), as\u00ed como aquellas del Reglamento (UE) 2016\/679, de 27 de abril de 2016, del Parlamento Europeo y del Consejo relativo a la protecci\u00f3n de las personas f\u00edsicas en lo que respecta al tratamiento de datos personales y a la libre circulaci\u00f3n de estos datos y por el que se deroga la Directiva 95\/46\/CE (\u201cRGPD\u201d) y cualesquiera otras regulaciones correlativas de aplicaci\u00f3n en vigor en cada momento.<\/p>\n\n\n\n<p>En base a ello, <a><strong>NEXTARQUITECTURA, S.L.P. <\/strong>&nbsp;<\/a>informa de su Pol\u00edtica de Privacidad, con el fin de hacer conocedores a los usuarios sobre el tratamiento de sus datos, as\u00ed como de los principios fundamentales sobre protecci\u00f3n de datos personales que aplica.<\/p>\n\n\n\n<p>Al utilizar nuestro sitio web, el usuario admite que ha le\u00eddo y acepta esta Pol\u00edtica de Privacidad y nuestro <strong><u><a href=\"https:\/\/nextarquitectura.com\/en\/aviso-legal\/\">Aviso Legal<\/a><\/u>.<\/strong><\/p>\n\n\n\n<p><strong>1.- \u00bfQui\u00e9n es el Responsable del tratamiento de sus datos?&nbsp;&nbsp;&nbsp;<\/strong><\/p>\n\n\n\n<p><strong><u>Identidad del Responsable del tratamiento<\/u><\/strong>: <a>NEXTARQUITECTURA, S.L.P.<\/a><\/p>\n\n\n\n<p><strong><u>Direcci\u00f3n postal<\/u><\/strong><strong>:<\/strong> <a>C\/ Sant Lloren\u00e7, 76 local, 08202 Sabadell<\/a><\/p>\n\n\n\n<p><strong>NIF:<\/strong> B66375221<\/p>\n\n\n\n<p><strong>Tel\u00e9fono: <\/strong>+34 93 742 71 42<\/p>\n\n\n\n<p><strong><u>Correo electr\u00f3nico:<\/u><\/strong> <a href=\"mailto:next@nextarquitectura.com\">next@nextarquitectura.com<\/a><\/p>\n\n\n\n<p><strong>2.- \u00bfEn qu\u00e9 momento recogemos tus datos?<\/strong><\/p>\n\n\n\n<p>Esta web es de car\u00e1cter informativo y recoge datos personales en los siguientes momentos:<\/p>\n\n\n\n<p><strong>Formulario de contacto o env\u00edo de un correo electr\u00f3nico: <\/strong>hay disponible en la web un formulario para que pueda contactar con nosotros para solicitar informaci\u00f3n y\/o realizar consultas. Al completar este formulario le pedimos que se identifique y que nos facilite sus datos de contacto para responder su consulta y\/o petici\u00f3n. Tambi\u00e9n puede enviarnos un correo electr\u00f3nico para contactar con nosotros o enviarnos su curr\u00edculum vitae para procesos de selecci\u00f3n presentes y\/o futuros. Todos los puntos de recogida de datos se dirigen al usuario de la web y no est\u00e1 previsto que se recojan datos de terceros por lo que los datos siempre ser\u00e1n aportados por el interesado.<\/p>\n\n\n\n<p><strong>Mediante Cookies: <\/strong>esta web instala cookies que recogen informaci\u00f3n sobre la navegaci\u00f3n, le recomendamos que lea la pol\u00edtica de cookies para informaci\u00f3n completa al respecto.<strong><\/strong><\/p>\n\n\n\n<p><strong>3.- \u00bfCu\u00e1les son las finalidades principales del tratamiento de sus datos?<\/strong><\/p>\n\n\n\n<p>Los datos personales facilitados y recogidos, ya sea mediante los formularios disponibles en la Web o mediante el env\u00edo de correos electr\u00f3nicos, ser\u00e1n empleados para analizar su consulta, contactar con usted para darle respuesta y\/o enviarle informaci\u00f3n que nos haya requerido (incluida la de gestionar su curr\u00edculum vitae para procesos de selecci\u00f3n presentes y\/o futuros).<\/p>\n\n\n\n<p><strong>4.- \u00bfCu\u00e1l es la legitimaci\u00f3n para el tratamiento de sus datos?<\/strong>&nbsp;&nbsp;&nbsp;&nbsp;&nbsp;&nbsp;&nbsp;&nbsp;&nbsp;&nbsp;&nbsp;&nbsp;&nbsp;<\/p>\n\n\n\n<p>Cuando env\u00eda el formulario o nos env\u00eda un correo electr\u00f3nico nos est\u00e1 dando su consentimiento para tratar sus datos personales en el marco de ese tratamiento concreto.<\/p>\n\n\n\n<p><strong>5.- \u00bfPor cu\u00e1nto tiempo conservaremos sus datos?<\/strong><\/p>\n\n\n\n<p>Los datos obtenidos ser\u00e1n conservados durante el tiempo que tardemos en responder su consulta o solicitud, e incluso con posterioridad durante el plazo necesario para la formulaci\u00f3n, ejercicio o defensa de reclamaciones, y obligaciones legales y contractuales, siempre estando debidamente bloqueados. En el caso de los curr\u00edculums recibidos, \u00e9stos se conservar\u00e1n durante el plazo de un a\u00f1o desde el momento en que han sido registrados, transcurrido el mismo se proceder\u00e1 a su supresi\u00f3n.<\/p>\n\n\n\n<p><strong>6.- \u00bfQui\u00e9nes podr\u00e1n ser destinatarios de la comunicaci\u00f3n de datos?<\/strong><\/p>\n\n\n\n<p>Dependiendo de los fines para los que se recopila la informaci\u00f3n personal, pueden acceder a dicha informaci\u00f3n, indistintamente, las siguientes personas:<\/p>\n\n\n\n<ul class=\"wp-block-list\">\n<li>Personal autorizado de <strong>NEXTARQUITECTURA, S.L.P. <\/strong>o sus representantes actuando en nombre de <strong>NEXTARQUITECTURA, S.L.P. <\/strong>, sujetos a las leyes de protecci\u00f3n de datos que resulten de aplicaci\u00f3n;<\/li>\n\n\n\n<li>Autoridades reguladoras u otros terceros de conformidad con las leyes aplicables;<\/li>\n\n\n\n<li>Terceros (proveedores de servicios que procesan informaci\u00f3n como encargado de tratamiento de datos, bajo las instrucciones de <strong>NEXTARQUITECTURA, S.L.P. <\/strong>). Todo ello solo despu\u00e9s de llevar a cabo las medidas necesarias para asegurar que podemos compartir dicha informaci\u00f3n y habiendo celebrado el correspondiente contrato de encargo de tratamiento, de conformidad con normativa de protecci\u00f3n de datos aplicables.<\/li>\n<\/ul>\n\n\n\n<p>Tratamos sus datos dentro del Espacio Econ\u00f3mico Europeo y, con car\u00e1cter general, contratamos prestadores de servicios ubicados tambi\u00e9n dentro del Espacio Econ\u00f3mico Europeo o en pa\u00edses que han sido declarados con un nivel adecuado de protecci\u00f3n.<\/p>\n\n\n\n<p>Si necesit\u00e1semos utilizar proveedores de servicios que realicen tratamientos fuera del Espacio Econ\u00f3mico Europeo o en pa\u00edses que no han sido declarados con un nivel adecuado de protecci\u00f3n, nos asegurar\u00edamos de garantizar la seguridad y legitimidad del tratamiento sus datos.<\/p>\n\n\n\n<p>Para ello, exigimos las garant\u00edas adecuadas a esos proveedores de servicios de acuerdo con lo establecido en el RGPD de manera que dispongan, por ejemplo, de normas corporativas vinculantes que garanticen la protecci\u00f3n de la informaci\u00f3n de manera similar a la que establecen las normas europeas o que suscribiesen las cl\u00e1usulas tipo de la Uni\u00f3n Europea.<\/p>\n\n\n\n<p>No venderemos ni divulgaremos a terceros ninguna informaci\u00f3n o dato personal que usted haya proporcionado en nuestro sitio web y que pueda identificarlo a usted directa o indirectamente.<\/p>\n\n\n\n<p><strong>7.- <\/strong><strong>\u00bfCu\u00e1les son sus derechos cuando nos facilita sus datos?<\/strong><\/p>\n\n\n\n<ul class=\"wp-block-list\">\n<li>Derecho a solicitar el acceso a los datos personales:\u00a0usted podr\u00e1 preguntar a <a><strong>NEXTARQUITECTURA, S.L.P.<\/strong><\/a><strong> <\/strong>si est\u00e1 tratando sus datos, y en caso afirmativo acceder a los mismos.<\/li>\n\n\n\n<li>Derecho a solicitar su rectificaci\u00f3n si los datos son inexactos, o completar los datos que tengamos incompletos.<\/li>\n\n\n\n<li>Derecho a solicitar la supresi\u00f3n de sus datos.<\/li>\n\n\n\n<li>Derecho a solicitar la limitaci\u00f3n de su tratamiento: en este caso \u00fanicamente los conservaremos para el ejercicio o la defensa de reclamaciones.<\/li>\n\n\n\n<li>Derecho a oponerse al tratamiento:\u00a0<strong>NEXTARQUITECTURA, S.L.P. <\/strong>dejar\u00e1\u00a0de tratar los datos personales, con la excepci\u00f3n que deban seguir trat\u00e1ndose por motivos leg\u00edtimos o\u00a0para el ejercicio o defensa de posibles reclamaciones.<\/li>\n\n\n\n<li>Derecho a la portabilidad de los datos:\u00a0en caso de que el usuario quiera que sus datos sean tratados por otro responsable del tratamiento, <strong>NEXTARQUITECTURA, S.L.P. <\/strong>le facilitar\u00e1 el trasvase de sus datos al nuevo responsable.<\/li>\n\n\n\n<li>Derecho a no ser objeto de una decisi\u00f3n basada \u00fanicamente en el tratamiento automatizado de sus datos personales.<\/li>\n<\/ul>\n\n\n\n<p>Si hubiese otorgado el consentimiento para alguna finalidad espec\u00edfica, podr\u00e1 retirar el mismo cuando lo desee, sin que ello afecte a la licitud del tratamiento basado en el consentimiento previo a su retirada.<\/p>\n\n\n\n<p>Para el ejercicio de sus derechos le rogamos que nos lo comunique por escrito a <a><strong>NEXTARQUITECTURA, S.L.P. <\/strong><\/a>C\/ Sant Lloren\u00e7, 76 local, 08202 Sabadell o env\u00edenos un e-mail a: <a href=\"mailto:next@nextarquitectura.com\">next@nextarquitectura.com<\/a><a href=\"mailto:rentaz@rentaz.es\"><\/a>. Si se tiene dudas sobre su identidad, podr\u00e1 resultar necesario aportar fotocopia del D.N.I. o documento equivalente que acredite la identidad y sea considerado v\u00e1lido en derecho. Para ello, puede utilizar los modelos y formularios sobre los distintitos derechos que dispone la Agencia Espa\u00f1ola de Protecci\u00f3n de Datos en su p\u00e1gina oficial https:\/\/www.aepd.es\/reglamento\/derechos\/index.html.<\/p>\n\n\n\n<p>Le informamos del derecho que le asiste a presentar reclamaci\u00f3n ante la Autoridad de Control, espec\u00edficamente, ante la Agencia Espa\u00f1ola de Protecci\u00f3n de Datos <a href=\"https:\/\/sedeagpd.gob.es\/sede-electronica-web\/vistas\/formNuevaReclamacion\/reclamacion.jsf\" target=\"_blank\" rel=\"noopener\">https:\/\/sedeagpd.gob.es\/sede-electronica-web\/vistas\/formNuevaReclamacion\/reclamacion.jsf<\/a>, y dem\u00e1s organismos p\u00fablicos competentes para cualquier reclamaci\u00f3n derivada de sus datos personales.<\/p>\n\n\n\n<p><strong>8.- \u00bfC\u00f3mo protegemos sus datos personales?<\/strong><\/p>\n\n\n\n<p>Con el fin de velar por la seguridad de la informaci\u00f3n, <strong>NEXTARQUITECTURA, S.L.P. <\/strong>aplica distintas medidas t\u00e9cnicas y organizativas para garantizar el nivel de seguridad adecuado de conformidad con la normativa aplicable. En cualquier caso, <strong>NEXTARQUITECTURA, S.L.P. <\/strong>&nbsp;tomar\u00e1 medidas t\u00e9cnicas y organizativas adecuadas, tanto al dise\u00f1ar el sistema de tratamiento de los datos como en el momento del propio tratamiento, para preservar la seguridad e impedir tratamientos no autorizados. Sin embargo, pese a la implementaci\u00f3n diligente de tales medidas, el usuario debe saber que las medidas de seguridad en Internet no son inexpugnables. <strong>NEXTARQUITECTURA, S.L.P. <\/strong>no es responsable de actuaciones de terceros que, vulnerando dichas medidas, accedan a los mencionados datos e informaci\u00f3n.<\/p>\n\n\n\n<p><strong>9.- Confidencialidad<\/strong><strong><\/strong><\/p>\n\n\n\n<p>Los profesionales que trabajan en <strong>NEXTARQUITECTURA, S.L.P. <\/strong>y que tuvieran alg\u00fan tipo de intervenci\u00f3n en los servicios prestados al usuario, est\u00e1n comprometidos a no divulgar ni hacer uso de la informaci\u00f3n a la que hayan accedido.&nbsp;La informaci\u00f3n suministrada por el usuario tendr\u00e1, en todo caso, la consideraci\u00f3n de confidencial, sin que pueda ser utilizada para otros fines que los relacionados con la gesti\u00f3n vinculada a sus solicitudes y a los servicios contratados a <strong>NEXTARQUITECTURA, S.L.P.<\/strong>, en su caso. En este sentido, nos obligamos a no divulgar ni revelar informaci\u00f3n sobre las pretensiones del usuario, los motivos del asesoramiento solicitado o la duraci\u00f3n de su relaci\u00f3n con este.<\/p>\n\n\n\n<p><strong>10.- Enlaces<\/strong><\/p>\n\n\n\n<p>La Web puede contener enlaces a otras p\u00e1ginas webs. Tenga en cuenta que no somos responsables de la privacidad y el tratamiento de datos de otras p\u00e1ginas webs. Esta Pol\u00edtica de Privacidad es aplicable exclusivamente a la informaci\u00f3n que se recaba en la Web. Le recomendamos que lea las pol\u00edticas de privacidad y tratamiento de datos de otras p\u00e1ginas web con las que enlace desde nuestra Web o que visite de cualquier otro modo.<\/p>\n\n\n\n<p><strong>11.- Redes sociales<\/strong><\/p>\n\n\n\n<p><strong>NEXTARQUITECTURA, S.L.P. <\/strong>tiene presencia en algunas de las principales redes sociales de Internet, y de las que act\u00faa como responsable del tratamiento en relaci\u00f3n con los datos publicados por <strong>NEXTARQUITECTURA, S.L.P.<\/strong><\/p>\n\n\n\n<p><strong>NEXTARQUITECTURA, S.L.P. <\/strong>tratar\u00e1 los datos en cada red social seg\u00fan las normas establecidas al efecto por cada red social. Por tanto, y mientras no se manifieste lo contrario desde <strong>NEXTARQUITECTURA, S.L.P. <\/strong>podremos informar, a nuestros seguidores en la red social correspondiente de nuestras actividades, eventos, y dem\u00e1s temas relacionados, incluida la atenci\u00f3n al seguidor, por los canales que la red social proporcione al efecto.<\/p>\n\n\n\n<p><strong>NEXTARQUITECTURA, S.L.P. <\/strong>no extraer\u00e1 datos personales de las redes sociales, salvo que el usuario nos d\u00e9 su consentimiento expreso.<\/p>\n\n\n\n<p><strong>12.- Modificaciones e integridad de nuestra Pol\u00edtica de Privacidad<\/strong><\/p>\n\n\n\n<p>Solo utilizaremos sus datos de car\u00e1cter personal seg\u00fan lo establecido en la Pol\u00edtica de Privacidad que est\u00e9 en vigor en el momento en que recabemos sus datos de car\u00e1cter personal. <strong>NEXTARQUITECTURA, S.L.P. <\/strong>se reserva el derecho a modificar en cualquier momento esta Pol\u00edtica de Privacidad, publicando tales modificaciones en la Web, por lo que le recomendamos que consulte la Pol\u00edtica de Privacidad cada vez que acceda a la Web. Si en alg\u00fan momento decidimos usar datos personales de modo diferente a lo que se declar\u00f3 en el momento de su obtenci\u00f3n, se lo comunicaremos por correo electr\u00f3nico, siempre y cuando dispongamos del mismo. En ese momento se le dar\u00e1 la opci\u00f3n de autorizar otros usos o divulgaciones de los datos personales que usted nos hubiera facilitado antes de la modificaci\u00f3n de nuestra Pol\u00edtica de Privacidad. En caso de que cualquier cl\u00e1usula de la presente Pol\u00edtica de Privacidad fuera anulada o considerada nula, el resto de las condiciones no se ver\u00e1n afectadas, conservando plenamente su validez y vigencia, en atenci\u00f3n a la normativa vigente de aplicaci\u00f3n en cada momento.<\/p>\n\n\n\n<p><strong>Fecha de la \u00faltima actualizaci\u00f3n: Julio de 2024<\/strong><\/p>\n\n\n\n<hr class=\"wp-block-separator has-alpha-channel-opacity\"\/>\n\n\n\n<p><a id=\"_msocom_1\"><\/a><\/p>\n\n\n\n<p>\u00a0<\/p>\n","protected":false},"excerpt":{"rendered":"<p>Pol\u00edtica de privacidad El acceso y uso del sitio web https:\/\/nextarquitectura.com\/ (en adelante, \u201cWeb\u201d\u201d) atribuye la condici\u00f3n de usuario al visitante de la Web e implica la total aceptaci\u00f3n sin&#8230;<\/p>\n","protected":false},"author":10,"featured_media":0,"parent":0,"menu_order":0,"comment_status":"closed","ping_status":"closed","template":"","meta":{"inline_featured_image":false,"footnotes":""},"class_list":["post-14113","page","type-page","status-publish"],"_links":{"self":[{"href":"https:\/\/nextarquitectura.com\/en\/wp-json\/wp\/v2\/pages\/14113","targetHints":{"allow":["GET"]}}],"collection":[{"href":"https:\/\/nextarquitectura.com\/en\/wp-json\/wp\/v2\/pages"}],"about":[{"href":"https:\/\/nextarquitectura.com\/en\/wp-json\/wp\/v2\/types\/page"}],"author":[{"embeddable":true,"href":"https:\/\/nextarquitectura.com\/en\/wp-json\/wp\/v2\/users\/10"}],"replies":[{"embeddable":true,"href":"https:\/\/nextarquitectura.com\/en\/wp-json\/wp\/v2\/comments?post=14113"}],"version-history":[{"count":5,"href":"https:\/\/nextarquitectura.com\/en\/wp-json\/wp\/v2\/pages\/14113\/revisions"}],"predecessor-version":[{"id":16044,"href":"https:\/\/nextarquitectura.com\/en\/wp-json\/wp\/v2\/pages\/14113\/revisions\/16044"}],"wp:attachment":[{"href":"https:\/\/nextarquitectura.com\/en\/wp-json\/wp\/v2\/media?parent=14113"}],"curies":[{"name":"wp","href":"https:\/\/api.w.org\/{rel}","templated":true}]}}