{"id":14111,"date":"2022-05-23T11:03:31","date_gmt":"2022-05-23T09:03:31","guid":{"rendered":"https:\/\/nextarquitectura.com\/politica-de-cookies\/"},"modified":"2024-07-19T08:58:43","modified_gmt":"2024-07-19T06:58:43","slug":"politica-de-cookies","status":"publish","type":"page","link":"https:\/\/nextarquitectura.com\/en\/politica-de-cookies\/","title":{"rendered":"Pol\u00edtica de <I class=\"cursiva-next\">cookies<\/I>"},"content":{"rendered":"<h1>Pol\u00edtica de cookies<\/h1>\n<p>Este sitio web utiliza cookies de terceros para el funcionamiento de su sitio web. Para conocer toda la informaci\u00f3n relativa a nuestra Pol\u00edtica de cookies, consulte en los apartados que encontrar\u00e1 a continuaci\u00f3n:<\/p>\n<p><u>\u00a0<\/u><\/p>\n<ol>\n<li>\u00bfQu\u00e9 es una cookie?<\/li>\n<\/ol>\n<p>Una <em>cookie<\/em> es un peque\u00f1o fichero de texto que se almacena en su navegador cuando visita casi cualquier p\u00e1gina web. Su utilidad es que la web sea capaz de recordar su visita cuando vuelva a navegar por esa p\u00e1gina. Las <em>cookies<\/em> suelen almacenar informaci\u00f3n de car\u00e1cter t\u00e9cnico, preferencias personales, personalizaci\u00f3n de contenidos, estad\u00edsticas de uso, enlaces a redes sociales, acceso a cuentas de usuario, etc. El objetivo de la <em>cookie<\/em> es adaptar el contenido de la web a su perfil y necesidades, sin <em>cookies<\/em> los servicios ofrecidos por cualquier p\u00e1gina se ver\u00edan mermados notablemente.<\/p>\n<ol start=\"2\">\n<li><strong>\u00bfQu\u00e9 tipos de cookies existen?<\/strong><\/li>\n<\/ol>\n<p>En funci\u00f3n de su finalidad, las cookies pueden ser:<\/p>\n<ul>\n<li>Cookies t\u00e9cnicas\/necesarias: son necesarias para la navegaci\u00f3n. Sin ellas la p\u00e1gina no funcionar\u00eda adecuadamente (cookies de \u201centrada del usuario\u201d para cestas de compra online, de sesi\u00f3n del reproductor multimedia, etc.).<\/li>\n<li>Cookies de personalizaci\u00f3n, preferencia, funcionalidad o configuraci\u00f3n: Estas cookies permiten que el sitio ofrezca una mejor funcionalidad y personalizaci\u00f3n. Pueden ser establecidas por nosotros o por terceras partes cuyos servicios hemos agregado a nuestras p\u00e1ginas. Si no permite estas cookies algunos de nuestros servicios no funcionar\u00e1n correctamente.<\/li>\n<li>Cookies de seguridad: impiden o dificultan ataques contra el sitio web o a sus usuarios.<\/li>\n<li>Cookies de an\u00e1lisis: permiten medir la actividad de los usuarios y elaborar estad\u00edsticas de navegaci\u00f3n.<\/li>\n<li>Cookies publicitarias: gestionan la frecuencia y el contenido de los anuncios<\/li>\n<li>Cookies de publicidad comportamental: almacenan informaci\u00f3n sobre los usuarios para mostrarles publicidad personalizada.<\/li>\n<\/ul>\n<ol start=\"3\">\n<li><strong>\u00bfQu\u00e9 cookies utilizamos? <\/strong><\/li>\n<\/ol>\n<p>Las cookies que se utilizan en este sitio web son:<\/p>\n<table style=\"height: 2975px;\" width=\"974\">\n<tbody>\n<tr>\n<td width=\"121\"><strong>Tipolog\u00eda de la <em>cookie<\/em><\/strong><\/td>\n<td width=\"254\"><strong>\u00a0<\/strong><\/p>\n<p><strong>Nombre de la <em>cookie<\/em><\/strong><\/td>\n<td width=\"124\"><strong>\u00a0<\/strong><\/p>\n<p><strong>Finalidad<\/strong><\/td>\n<td width=\"94\"><strong>\u00a0<\/strong><\/p>\n<p><strong>Plazo de conservaci\u00f3n<\/strong><\/td>\n<td width=\"142\"><strong>\u00a0<\/strong><\/p>\n<p><strong>Proveedor de la <em>cookie<\/em><\/strong><\/td>\n<\/tr>\n<tr>\n<td width=\"121\">NECESARIA<\/td>\n<td width=\"254\">_GRECAPTCHA<\/td>\n<td width=\"124\">El servicio Recaptcha de Google establece esta cookie para identificar bots y proteger el sitio web contra ataques de spam malintencionados<\/td>\n<td width=\"94\">5 meses y 27 d\u00edas<\/td>\n<td width=\"142\"><a href=\"https:\/\/policies.google.com\/technologies\/cookies?hl=es\" target=\"_blank\" rel=\"noopener\"><strong><u>GOOGLE<\/u><\/strong><\/a><\/td>\n<\/tr>\n<tr>\n<td width=\"121\">NECESARIA<\/td>\n<td width=\"254\">cookieyes-consent<\/td>\n<td width=\"124\">CookieYes establece esta cookie para recordar las preferencias de consentimiento de los usuarios, de modo que se respeten sus preferencias en las siguientes visitas a este sitio. No recoge ni almacena ninguna informaci\u00f3n personal sobre los visitantes del sitio.<\/td>\n<td width=\"94\">1 a\u00f1o<\/td>\n<td width=\"142\"><a href=\"https:\/\/www.cookieyes.com\/cookie-policy\/\" target=\"_blank\" rel=\"noopener\"><strong><u>COOKIEYES<\/u><\/strong><\/a><\/td>\n<\/tr>\n<tr>\n<td width=\"121\">FUNCIONAL<\/td>\n<td width=\"254\">wp-wpml_current_language<\/td>\n<td width=\"124\">El plugin multiling\u00fce de WordPress establece esta cookie para almacenar la configuraci\u00f3n del idioma actual.<\/td>\n<td width=\"94\">Sesi\u00f3n<\/td>\n<td width=\"142\"><a href=\"https:\/\/es.wordpress.org\/about\/privacy\/cookies\/\" target=\"_blank\" rel=\"noopener\"><strong><u>WORDPRESS<\/u><\/strong><\/a><\/td>\n<\/tr>\n<tr>\n<td width=\"121\">\n<p>ANAL\u00cdTICA<\/p>\n<p><strong>\u00a0<\/strong><\/td>\n<td width=\"254\">\n<p>_ga_*<\/td>\n<td width=\"124\">Google Analytics establece esta cookie para almacenar y contar las visitas a la p\u00e1gina<\/td>\n<td width=\"94\">\n<p>1 a\u00f1o 1 mes y 4 d\u00edas<\/td>\n<td width=\"142\"><strong><u>\u00a0<\/u><\/strong><\/p>\n<p><strong><u>\u00a0<\/u><\/strong><\/p>\n<p><a href=\"https:\/\/policies.google.com\/technologies\/cookies?hl=es\" target=\"_blank\" rel=\"noopener\"><strong><u>GOOGLE ANALYTICS<\/u><\/strong><\/a><\/td>\n<\/tr>\n<tr>\n<td width=\"121\">\n<p>ANAL\u00cdTICA<\/td>\n<td width=\"254\">\n<p>_ga<\/td>\n<td width=\"124\">Google Analytics establece esta cookie para calcular los datos de los visitantes, de las sesiones y de las campa\u00f1as y para hacer un seguimiento del uso del sitio para el informe de an\u00e1lisis del sitio. La cookie almacena la informaci\u00f3n de forma an\u00f3nima y asigna un n\u00famero generado aleatoriamente para reconocer a los visitantes \u00fanicos<\/td>\n<td width=\"94\">\n<p>1 a\u00f1o 1 mes y 4 d\u00edas<\/td>\n<td width=\"142\"><strong><u>\u00a0<\/u><\/strong><\/p>\n<p><a href=\"https:\/\/es.wordpress.org\/about\/privacy\/cookies\/\" target=\"_blank\" rel=\"noopener\"><strong><u>GOOGLE ANALYTICS<\/u><\/strong><\/a><\/p>\n<p><strong><u>\u00a0<\/u><\/strong><\/p>\n<p><strong><u>\u00a0<\/u><\/strong><\/td>\n<\/tr>\n<tr>\n<td width=\"121\">\n<p>ANAL\u00cdTICA<\/td>\n<td width=\"254\">_fbp<\/td>\n<td width=\"124\">Facebook establece esta cookie para mostrar anuncios en Facebook o en una plataforma digital con publicidad de Facebook despu\u00e9s de visitar el sitio web<\/td>\n<td width=\"94\">\n<p>3 meses<\/td>\n<td width=\"142\"><strong><u>\u00a0<\/u><\/strong><\/p>\n<p><a href=\"https:\/\/es-es.facebook.com\/privacy\/policies\/cookies\/?entry_point=cookie_policy_redirect&amp;entry=0\" target=\"_blank\" rel=\"noopener\"><strong><u>FACEBOOK<\/u><\/strong><\/a><\/p>\n<p><strong><u>\u00a0<\/u><\/strong><\/td>\n<\/tr>\n<\/tbody>\n<\/table>\n<ol start=\"4\">\n<li><strong>Transferencias de datos a terceros pa\u00edses<\/strong><\/li>\n<\/ol>\n<p>Puedes informarte de las transferencias a terceros pa\u00edses que, en su caso, realizan los terceros identificados en esta pol\u00edtica de cookies en sus correspondientes pol\u00edticas (ver los enlaces facilitados en el apartado \u201c<strong>\u00bfQu\u00e9 cookies utilizamos?\u201d)<\/strong><\/p>\n<ol start=\"5\">\n<li>\u00bfC\u00f3mo desinstalo las cookies?<\/li>\n<\/ol>\n<p>El usuario puede libremente decidir acerca de la implantaci\u00f3n o no en su disco duro de nuestras cookies, as\u00ed como su eliminaci\u00f3n, siguiendo el procedimiento establecido en la secci\u00f3n de ayuda de su navegador. El usuario puede tambi\u00e9n configurar su navegador para aceptar o rechazar por defecto todas las cookies o para recibir un aviso en pantalla de la recepci\u00f3n de cada cookie y decidir en ese momento su implantaci\u00f3n o no en su disco duro. A continuaci\u00f3n, le facilitamos los enlaces a los fabricantes de dispositivos y navegadores para la gesti\u00f3n o desactivaci\u00f3n de cookies de la mayor\u00eda de los navegadores:<\/p>\n<ul>\n<li>Para <strong>Internet Explorer<\/strong>: en la opci\u00f3n de men\u00fa: Herramientas &gt; Opciones de Internet &gt; Privacidad &gt; Configuraci\u00f3n. Para saber m\u00e1s visita el siguiente enlace: <a href=\"https:\/\/support.microsoft.com\/es-es\/help\/17442\/windows-internet-explorer-delete-manage-cookies\" target=\"_blank\" rel=\"noopener\">https:\/\/support.microsoft.com\/es-es\/help\/17442\/windows-internet-explorer-delete-manage-cookies<\/a><\/li>\n<\/ul>\n<ul>\n<li>Para <strong>Google Chrome<\/strong>: en Opciones &gt; Opciones avanzadas &gt; Privacidad &gt; Cookies. Para m\u00e1s informaci\u00f3n visita el siguiente enlace: <a href=\"https:\/\/support.google.com\/chrome\/answer\/95647?hl=es\" target=\"_blank\" rel=\"noopener\">https:\/\/support.google.com\/chrome\/answer\/95647?hl=es<\/a><\/li>\n<\/ul>\n<ul>\n<li>Para <strong>Mozilla Firefox:<\/strong> en la opci\u00f3n de men\u00fa: Herramientas &gt; Opciones &gt; Privacidad &gt; Cookies. Para saber m\u00e1s visita los siguientes enlaces: <a href=\"https:\/\/support.mozilla.org\/es\/kb\/Borrar%20cookies\" target=\"_blank\" rel=\"noopener\">https:\/\/support.mozilla.org\/es\/kb\/Borrar%20cookies<\/a> y <a href=\"https:\/\/support.mozilla.org\/es\/kb\/habilitar-y-deshabilitar-cookies-sitios-web-rastrear-preferencias?redirectlocale=es&amp;redirectslug=habilitar-y-deshabilitar-cookies-que-los-sitios-we\" target=\"_blank\" rel=\"noopener\">https:\/\/support.mozilla.org\/es\/kb\/habilitar-y-deshabilitar-cookies-sitios-web-rastrear-preferencias?redirectlocale=es&amp;redirectslug=habilitar-y-deshabilitar-cookies-que-los-sitios-we<\/a><\/li>\n<\/ul>\n<ul>\n<li>Para <strong>Safari (IOS 8): <\/strong>en Ajustes &gt; Safari &gt; Bloquear cookies. Para saber m\u00e1s visita el siguiente enlace: <a href=\"http:\/\/support.apple.com\/kb\/HT1677?viewlocale=es_ES\" target=\"_blank\" rel=\"noopener\">http:\/\/support.apple.com\/kb\/HT1677?viewlocale=es_ES<\/a><\/li>\n<\/ul>\n<ul>\n<li>Para <strong>Opera:<\/strong> en Ajustes &gt; Avanzado &gt; Privacidad y seguridad &gt; Ajustes de contenido &gt; Cookies. Para m\u00e1s informaci\u00f3n visita el siguiente enlace: <a href=\"https:\/\/help.opera.com\/en\/latest\/web-preferences\/#cookies\" target=\"_blank\" rel=\"noopener\">https:\/\/help.opera.com\/en\/latest\/web-preferences\/#cookies<\/a><\/li>\n<\/ul>\n<ul>\n<li>Para <strong>Android:<\/strong> en Men\u00fa &gt; Ajustes &gt; Seguridad y Privacidad &gt; Aceptar cookies para que active o desactive la casilla. Para m\u00e1s informaci\u00f3n visita el siguiente enlace: <a href=\"http:\/\/support.google.com\/android\/?hl=es\" target=\"_blank\" rel=\"noopener\">http:\/\/support.google.com\/android\/?hl=es<\/a><\/li>\n<\/ul>\n<ul>\n<li>Para <strong>Windows Phone:<\/strong> en Internet Explorer &gt; M\u00e1s &gt; Configuraci\u00f3n &gt; activar o desactivar la casilla de Permitir cookies. Para saber m\u00e1s visita el siguiente enlace: <a href=\"http:\/\/www.windowsphone.com\/es-es\/how-to\/wp7\/web\/changing-privacy-and-other-browser-settings\" target=\"_blank\" rel=\"noopener\">http:\/\/www.windowsphone.com\/es-es\/how-to\/wp7\/web\/changing-privacy-and-other-browser-settings<\/a><\/li>\n<\/ul>\n<p>Ni esta web ni sus representantes legales pueden garantizar la correcta o incorrecta manipulaci\u00f3n de las <em>cookies<\/em> por parte de los mencionados navegadores. Asimismo, ni esta web ni sus representantes legales se hacen responsables ni del contenido ni de la veracidad de las pol\u00edticas de privacidad que puedan tener los terceros mencionados en la presente Pol\u00edtica de <em>cookies<\/em>.<\/p>\n<p>Si desea tener un mayor control sobre la instalaci\u00f3n de cookies, puede instalar programas o complementos a su navegador, conocidos como herramientas de \u201c<em>Do Not Track<\/em>\u201d, que le permitir\u00e1n escoger aquellas cookies que desea permitir.<\/p>\n<p>El hecho de que el usuario configure su navegador para rechazar todas las cookies o expresamente nuestras cookies puede suponer que no sea posible acceder a algunos de los servicios y que su experiencia en nuestra web pueda resultar menos satisfactoria.<\/p>\n<p><strong>NEXTARQUITECTURA, S.L.P. <\/strong>se reserva el derecho a modificar la presente Pol\u00edtica de Cookies para adaptarla a futura legislaci\u00f3n y\/o jurisprudencia aplicable, as\u00ed como a los futuros usos de los datos personales del usuario en el Sitio Web. En cualquier caso, los usuarios ser\u00e1n informados previamente de los cambios en la mencionada pol\u00edtica. Por lo tanto, se recomienda al usuario que proceda a leer la Pol\u00edtica de Cookies cada vez que acceda al sitio web.<\/p>\n<p><strong>Para cualquier duda o consulta acerca de esta pol\u00edtica de <em>cookies<\/em> no dude en comunicarse con nosotros a trav\u00e9s de la secci\u00f3n de contacto.<\/strong><\/p>\n<p><strong>Fecha de actualizaci\u00f3n:<\/strong> 17 de julio de 2024<\/p>\n","protected":false},"excerpt":{"rendered":"<p>Pol\u00edtica de cookies Este sitio web utiliza cookies de terceros para el funcionamiento de su sitio web. Para conocer toda la informaci\u00f3n relativa a nuestra Pol\u00edtica de cookies, consulte en&#8230;<\/p>\n","protected":false},"author":10,"featured_media":0,"parent":0,"menu_order":0,"comment_status":"closed","ping_status":"closed","template":"","meta":{"inline_featured_image":false,"footnotes":""},"class_list":["post-14111","page","type-page","status-publish"],"_links":{"self":[{"href":"https:\/\/nextarquitectura.com\/en\/wp-json\/wp\/v2\/pages\/14111","targetHints":{"allow":["GET"]}}],"collection":[{"href":"https:\/\/nextarquitectura.com\/en\/wp-json\/wp\/v2\/pages"}],"about":[{"href":"https:\/\/nextarquitectura.com\/en\/wp-json\/wp\/v2\/types\/page"}],"author":[{"embeddable":true,"href":"https:\/\/nextarquitectura.com\/en\/wp-json\/wp\/v2\/users\/10"}],"replies":[{"embeddable":true,"href":"https:\/\/nextarquitectura.com\/en\/wp-json\/wp\/v2\/comments?post=14111"}],"version-history":[{"count":3,"href":"https:\/\/nextarquitectura.com\/en\/wp-json\/wp\/v2\/pages\/14111\/revisions"}],"predecessor-version":[{"id":16031,"href":"https:\/\/nextarquitectura.com\/en\/wp-json\/wp\/v2\/pages\/14111\/revisions\/16031"}],"wp:attachment":[{"href":"https:\/\/nextarquitectura.com\/en\/wp-json\/wp\/v2\/media?parent=14111"}],"curies":[{"name":"wp","href":"https:\/\/api.w.org\/{rel}","templated":true}]}}