{"id":14105,"date":"2022-08-01T10:06:30","date_gmt":"2022-08-01T08:06:30","guid":{"rendered":"https:\/\/nextarquitectura.com\/aviso-legal\/"},"modified":"2024-07-19T09:10:30","modified_gmt":"2024-07-19T07:10:30","slug":"aviso-legal","status":"publish","type":"page","link":"https:\/\/nextarquitectura.com\/en\/aviso-legal\/","title":{"rendered":"Aviso legal"},"content":{"rendered":"<h1>Aviso legal<\/h1>\n<p>El presente sitio Web <a href=\"https:\/\/nextarquitectura.com\/en\/\">https:\/\/nextarquitectura.com\/<\/a> es propiedad y est\u00e1 gestionado por NEXTARQUITECTURA, S.L.P., (en adelante \u201cNEXTARQUITECTURA\u201d o \u201cel titular\u201d\u201d) cuyos datos completos son los siguientes:<\/p>\n<p><strong>NIF: <\/strong>B66375221<\/p>\n<p><strong>Domicilio fiscal: <\/strong>C\/ Sant Lloren\u00e7, 76 local, 08202 Sabadell<\/p>\n<p><strong>Correo electr\u00f3nico:<\/strong> <a href=\"mailto:next@nextarquitectura.com\">next@nextarquitectura.com<\/a><\/p>\n<p><strong>Tel\u00e9fono: <\/strong>+34 93 742 71 42<\/p>\n<p>Sociedad inscrita en el Registro Mercantil de Barcelona: Tomo 46393, Folio 32, Hoja B 518559, Inscripci\u00f3n 1\u00aa y en el Registro de Sociedades Profesionales del Colegio de Arquitectos de Catalu\u00f1a<\/p>\n<p><strong>Arquitectos del estudio.<\/strong><\/p>\n<p>Gerard Ribot Mumbr\u00fa, Arquitecto colegiado en el Colegio de Arquitectos de Catalu\u00f1a con el n\u00ba 44201 y sometido al C\u00f3digo de Deontolog\u00eda de los Arquitectos del Consejo Superior de Colegios de Arquitectos de Espa\u00f1a y al Reglamento de deontolog\u00eda profesional del Colegio de Arquitectos de Catalu\u00f1a de la Llei 7\/2006, de 31 de mayo, del ejercicio de profesiones tituladas y de los colegios profesionales.<\/p>\n<p>N\u00faria V\u00edlchez S\u00e1nchez, Arquitecta colegiada en el Ilustre Colegio de Arquitectos de Barcelona con el n\u00ba 64941 y sometida al C\u00f3digo de Deontolog\u00eda de los Arquitectos del Consejo Superior de Colegios de Arquitectos de Espa\u00f1a y al Reglamento de deontolog\u00eda profesional del Colegio de Arquitectos de Catalu\u00f1a de la Llei 7\/2006, de 31 de mayo, del ejercicio de profesiones tituladas y de los colegios profesionales.<\/p>\n<p><strong>1.- CONDICIONES GENERALES DE USO<\/strong><\/p>\n<ul>\n<li>El Usuario accede voluntariamente a este Sitio Web, lo que implica que lo utilizar\u00e1 conforme al presente aviso legal, la ley, la moral, la buena fe y\/o las buenas costumbres.<\/li>\n<\/ul>\n<ul>\n<li>La utilizaci\u00f3n de este Sitio Web supone la aceptaci\u00f3n de este aviso legal.<\/li>\n<\/ul>\n<ul>\n<li>La navegaci\u00f3n y utilizaci\u00f3n de este Sitio Web tiene car\u00e1cter gratuito, sin requerir suscripci\u00f3n o registro previo.<\/li>\n<\/ul>\n<ul>\n<li>El titular se reserva el derecho a modificar sin previo aviso el contenido de este aviso legal, por tanto, y para una correcta utilizaci\u00f3n del Sitio Web, le recomendamos que visite peri\u00f3dicamente esta secci\u00f3n.<\/li>\n<\/ul>\n<p><strong>2.- PROPIEDAD INTELECTUAL E INDUSTRIAL<\/strong><\/p>\n<p>\u00a9 2024, <strong>NEXTARQUITECTURA, S.L.P. <\/strong>Todos los derechos reservados.<\/p>\n<ul>\n<li>Este Sitio Web y los contenidos incluidos en el mismo: art\u00edculos, textos, im\u00e1genes, logotipos, marcas, botones, software, etc. est\u00e1n protegidos por la legislaci\u00f3n vigente en propiedad industrial e intelectual y son propiedad del titular o de terceros que han autorizado su uso al titular quedando expresamente prohibida la explotaci\u00f3n sin la autorizaci\u00f3n del titular.<\/li>\n<\/ul>\n<ul>\n<li>El acceso a este Sitio Web no supone, en ning\u00fan caso, la adquisici\u00f3n por parte de los usuarios de ning\u00fan derecho de propiedad sobre los contenidos que figuran en el mismo.<\/li>\n<\/ul>\n<ul>\n<li>El titular se reserva el derecho a modificar, actualizar o suprimir cualquiera de los contenidos de este Sitio Web, en cualquier momento y sin previo aviso.<\/li>\n<\/ul>\n<ul>\n<li>Aquellas personas que deseen establecer un \u00ablink\u00bb o hiperenlace entre su p\u00e1gina Web y este Sitio Web deber\u00e1n recabar la autorizaci\u00f3n expresa y por escrito del titular, sin que ello implique una relaci\u00f3n entre \u00e9sta y el titular de la p\u00e1gina en la que se establezca el \u00ablink\u00bb, ni la aprobaci\u00f3n o aceptaci\u00f3n por parte de la titular de sus contenidos o servicios. Se proh\u00edben expresamente enlaces profundos a otras p\u00e1ginas (\u00abdeep link\u00bb), su enmarcado (\u00abframing\u00bb) as\u00ed como cualquier otro no autorizado.<\/li>\n<\/ul>\n<p><strong>3.- <\/strong><strong>USOS PROHIBIDOS <\/strong><\/p>\n<p>Queda prohibida cualquier modalidad de explotaci\u00f3n, incluyendo todo tipo de reproducci\u00f3n, distribuci\u00f3n, cesi\u00f3n a terceros, comunicaci\u00f3n p\u00fablica y transformaci\u00f3n, mediante cualquier tipo de soporte y medio de las obras antes referidas, creaciones y signos distintivos sin autorizaci\u00f3n previa y expresa de sus respectivos titulares. El incumplimiento de esta prohibici\u00f3n podr\u00e1 constituir infracci\u00f3n sancionable por la legislaci\u00f3n vigente.<\/p>\n<p><strong>4.- LIMITACI\u00d3N DE LA RESPONSABILIDAD<\/strong><\/p>\n<ul>\n<li>El titular se reserva el derecho a interrumpir el acceso a su Sitio Web, as\u00ed como la prestaci\u00f3n de cualquier servicio a trav\u00e9s del mismo en cualquier momento y sin previo aviso, sea por motivos t\u00e9cnicos, de seguridad, de mantenimiento o por cualquier otra causa.<\/li>\n<\/ul>\n<ul>\n<li>El titular no garantiza el acceso continuado, ni la correcta visualizaci\u00f3n, descarga o utilidad de los elementos e informaci\u00f3n contenidos en el Sitio Web, que pueden verse impedidos, dificultados o interrumpidos por factores o circunstancias fuera de su control y\/o sean consecuencia de la actuaci\u00f3n dolosa o culpable del usuario.<\/li>\n<\/ul>\n<ul>\n<li>La informaci\u00f3n contenida en este Sitio Web puede no ser correcta, pese a los esfuerzos realizados para llevar a cabo su exactitud y actualizaci\u00f3n. En consecuencia, el titular no se responsabiliza de los errores contenidos, ni de los da\u00f1os o perjuicios derivados de su utilizaci\u00f3n.<\/li>\n<\/ul>\n<ul>\n<li>Este Sitio Web puede contener enlaces a otros sitios webs de cuyo contenido, utilidad o exactitud no se puede responsabilizar al titular. La incorporaci\u00f3n de un enlace en este Sitio Web no puede considerarse una recomendaci\u00f3n a los usuarios para que procedan a su utilizaci\u00f3n, la decisi\u00f3n de utilizarlos es responsabilidad de estos \u00faltimos.<\/li>\n<\/ul>\n<ul>\n<li>El titular no se hace responsable de los da\u00f1os y perjuicios derivados del uso de este Sitio Web o de sus contenidos, no garantizando la ausencia de virus o la imposibilidad de causar da\u00f1os en los sistemas inform\u00e1ticos del usuario.<\/li>\n<\/ul>\n<ul>\n<li>El titular no se responsabiliza del mal uso que se pueda hacer de este Sitio Web.<\/li>\n<\/ul>\n<p><strong>5.- LEGISLACI\u00d3N APLICABLE Y TRIBUNALES COMPETENTES<\/strong><\/p>\n<p>Las condiciones de este Sitio Web y las relaciones entre el usuario y el titular. se regir\u00e1n por la legislaci\u00f3n y jurisdicci\u00f3n espa\u00f1ola. Para conocer cualquier discrepancia que pueda surgir entre el usuario y el titular se someten a los Juzgados y Tribunales de Sabadell (Espa\u00f1a).<\/p>\n<p><strong>Texto actualizado en julio de 2024.<\/strong><\/p>\n","protected":false},"excerpt":{"rendered":"<p>Aviso legal El presente sitio Web https:\/\/nextarquitectura.com\/ es propiedad y est\u00e1 gestionado por NEXTARQUITECTURA, S.L.P., (en adelante \u201cNEXTARQUITECTURA\u201d o \u201cel titular\u201d\u201d) cuyos datos completos son los siguientes: NIF: B66375221 Domicilio&#8230;<\/p>\n","protected":false},"author":10,"featured_media":0,"parent":0,"menu_order":0,"comment_status":"closed","ping_status":"closed","template":"","meta":{"inline_featured_image":false,"footnotes":""},"class_list":["post-14105","page","type-page","status-publish"],"_links":{"self":[{"href":"https:\/\/nextarquitectura.com\/en\/wp-json\/wp\/v2\/pages\/14105","targetHints":{"allow":["GET"]}}],"collection":[{"href":"https:\/\/nextarquitectura.com\/en\/wp-json\/wp\/v2\/pages"}],"about":[{"href":"https:\/\/nextarquitectura.com\/en\/wp-json\/wp\/v2\/types\/page"}],"author":[{"embeddable":true,"href":"https:\/\/nextarquitectura.com\/en\/wp-json\/wp\/v2\/users\/10"}],"replies":[{"embeddable":true,"href":"https:\/\/nextarquitectura.com\/en\/wp-json\/wp\/v2\/comments?post=14105"}],"version-history":[{"count":3,"href":"https:\/\/nextarquitectura.com\/en\/wp-json\/wp\/v2\/pages\/14105\/revisions"}],"predecessor-version":[{"id":16041,"href":"https:\/\/nextarquitectura.com\/en\/wp-json\/wp\/v2\/pages\/14105\/revisions\/16041"}],"wp:attachment":[{"href":"https:\/\/nextarquitectura.com\/en\/wp-json\/wp\/v2\/media?parent=14105"}],"curies":[{"name":"wp","href":"https:\/\/api.w.org\/{rel}","templated":true}]}}